{"id":3028,"date":"2025-08-29T17:25:08","date_gmt":"2025-08-29T15:25:08","guid":{"rendered":"https:\/\/2025.nicolas-aubagnac.com\/?page_id=3028"},"modified":"2025-12-17T02:11:58","modified_gmt":"2025-12-17T01:11:58","slug":"appliques","status":"publish","type":"page","link":"https:\/\/www.nicolas-aubagnac.com\/en\/collections\/luminaires\/appliques\/","title":{"rendered":"Wall lights"},"content":{"rendered":"<div class=\"wp-block-group na-title is-content-justification-right is-nowrap is-layout-flex wp-container-core-group-is-layout-17124a9a wp-block-group-is-layout-flex\">\n<p>the art of the matter.<\/p>\n<\/div>\n\n\n\n<div class=\"wp-block-columns na-collection-titles is-layout-flex wp-container-core-columns-is-layout-28f84493 wp-block-columns-is-layout-flex\">\n<div class=\"wp-block-column is-layout-flow wp-block-column-is-layout-flow\">\n<h1 class=\"wp-block-heading na-collection-title\"><em>Collection <\/em>lighting<\/h1>\n<\/div>\n\n\n\n<div class=\"wp-block-column is-layout-flow wp-block-column-is-layout-flow\">\n\n\n<h2 class=\"wp-block-heading na-collection-title alt\"><a href=\"https:\/\/www.nicolas-aubagnac.com\/en\/collections\/mobiliers\/\" data-type=\"page\" data-id=\"52\"><em>Collection <\/em>furniture<\/a><\/h2>\n<\/div>\n\n\n\n<div class=\"wp-block-column is-layout-flow wp-block-column-is-layout-flow\">\n<p class=\"has-text-align-right na-cols-container\"><font>Display<\/font> \u2013 <input type=\"range\" id=\"na-cols\" name=\"cols\" min=\"2\" max=\"4\"> +<\/p>\n<\/div>\n<\/div>\n\n\n\n<div class=\"wp-block-columns is-layout-flex wp-container-core-columns-is-layout-28f84493 wp-block-columns-is-layout-flex\">\n\n\n<div class=\"wp-block-column na-collection-nav is-layout-flow wp-block-column-is-layout-flow\" style=\"flex-basis:22%\">\n<p><a href=\"https:\/\/www.nicolas-aubagnac.com\/en\/collections\/luminaires\/\" data-type=\"page\" data-id=\"55\">The entire lighting fixture<\/a><\/p>\n\n\n\n<p><a href=\"https:\/\/www.nicolas-aubagnac.com\/en\/collections\/luminaires\/lampes\/\" data-type=\"page\" data-id=\"3019\">Table lamps<\/a><\/p>\n\n\n\n<p><a href=\"https:\/\/www.nicolas-aubagnac.com\/en\/collections\/luminaires\/lampadaires\/\" data-type=\"page\" data-id=\"3026\">Standing lamps<\/a><\/p>\n\n\n\n<p><strong>_ <a href=\"https:\/\/www.nicolas-aubagnac.com\/en\/collections\/luminaires\/appliques\/\" data-type=\"page\" data-id=\"3028\">Wall lights<\/a><\/strong><\/p>\n\n\n\n<p class=\"mb50\"><a href=\"https:\/\/www.nicolas-aubagnac.com\/en\/collections\/luminaires\/lustres-suspensions\/\" data-type=\"page\" data-id=\"3030\">Chandeliers &amp; pendants<\/a><\/p>\n\n\n\n<p class=\"na-tags\"><a href=\"https:\/\/www.nicolas-aubagnac.com\/en\/collections\/luminaires\/?t=edition-limitee\" data-type=\"page\" data-id=\"52\">Limited edition<\/a> <a href=\"https:\/\/www.nicolas-aubagnac.com\/en\/collections\/luminaires\/?t=collab\" data-type=\"page\" data-id=\"52\">Collab&#039;<\/a> <a href=\"https:\/\/www.nicolas-aubagnac.com\/en\/collections\/luminaires\/?t=iconique\" data-type=\"page\" data-id=\"52\">Iconic<\/a><\/p>\n<\/div>\n\n\n\n<div class=\"wp-block-column is-layout-flow wp-block-column-is-layout-flow\" style=\"flex-basis:75%\"><div class=\"wp-block-columns na-cards is-layout-flex wp-block-columns-is-layout-flex\" style=\"flex-wrap:wrap;\">\t<a href=\"https:\/\/www.nicolas-aubagnac.com\/en\/collection-luminaire\/salsa-i-l\/\" class=\"wp-block-column na-card na-produit\" data-position=\"37\" data-produit=\"2289\" style=\"flex: 0 0 calc(100% \/ 3 - 40px \/ 3 * (3 - 1));\">\n\t\t<figure class=\"wp-block-image size-full\"><img fetchpriority=\"high\" decoding=\"async\" width=\"100%\" src=\"https:\/\/www.nicolas-aubagnac.com\/wp-content\/uploads\/2025\/05\/SALSA-1-noir-fond-blanc-764x1024.jpg\" data-src-hover=\"https:\/\/www.nicolas-aubagnac.com\/wp-content\/uploads\/2025\/05\/SALSA-1-8-768x1024.jpg\" alt=\"applique SALSA I\" title=\"SALSA I wall light\"><\/figure><p>SALSA I <strong>_wall light<\/strong><\/p>\n\t\t<p class=\"na-card-dimensions\">L = 42 cm, H = 80 cm<br \/>\r\nW = 16.50 in | H = 31.50 in<\/p>\n\t\t<\/a>\t<a href=\"https:\/\/www.nicolas-aubagnac.com\/en\/collection-luminaire\/salsa-ii\/\" class=\"wp-block-column na-card na-produit\" data-position=\"38\" data-produit=\"7429\" style=\"flex: 0 0 calc(100% \/ 3 - 40px \/ 3 * (3 - 1));\">\n\t\t<figure class=\"wp-block-image size-full\"><img fetchpriority=\"high\" decoding=\"async\" width=\"100%\" src=\"https:\/\/www.nicolas-aubagnac.com\/wp-content\/uploads\/2026\/03\/SALSA-2-or-fond-gris-1024x683.jpg\" data-src-hover=\"https:\/\/www.nicolas-aubagnac.com\/wp-content\/uploads\/2025\/06\/SALSA-III-detail-2-BD-768x1024.jpg\" alt=\"applique SALSA II\" title=\"SALSA II app\"><\/figure><p>SALSA II <strong>_wall light<\/strong><\/p>\n\t\t<p class=\"na-card-dimensions\">L = 80 cm | H = 40 cm<br>L = 31.5 in | H = 15.75 in<\/p>\n\t\t<\/a>\t<a href=\"https:\/\/www.nicolas-aubagnac.com\/en\/collection-luminaire\/salsa-iii-l\/\" class=\"wp-block-column na-card na-produit\" data-position=\"39\" data-produit=\"2290\" style=\"flex: 0 0 calc(100% \/ 3 - 40px \/ 3 * (3 - 1));\">\n\t\t<figure class=\"wp-block-image size-full\"><img fetchpriority=\"high\" decoding=\"async\" width=\"100%\" src=\"https:\/\/www.nicolas-aubagnac.com\/wp-content\/uploads\/2025\/05\/SALSA-III-fond-blanc-e1677683695648-870x1024.jpg\" data-src-hover=\"https:\/\/www.nicolas-aubagnac.com\/wp-content\/uploads\/2025\/05\/SALSA-III-6-768x1024.jpg\" alt=\"applique SALSA III\" title=\"SALSA III wall light\"><\/figure><p>SALSA III <strong>_wall light<\/strong><\/p>\n\t\t<p class=\"na-card-dimensions\">L = 67 cm | H = 65 cm<br>W = 26.40 in | H = 25.60 in<\/p>\n\t\t<\/a>\t<a href=\"https:\/\/www.nicolas-aubagnac.com\/en\/collection-luminaire\/papyrus-l\/\" class=\"wp-block-column na-card na-produit\" data-position=\"44\" data-produit=\"2292\" style=\"flex: 0 0 calc(100% \/ 3 - 40px \/ 3 * (3 - 1));\">\n\t\t<figure class=\"wp-block-image size-full\"><img fetchpriority=\"high\" decoding=\"async\" width=\"100%\" src=\"https:\/\/www.nicolas-aubagnac.com\/wp-content\/uploads\/2025\/05\/13606-light-866x1024.jpg\" data-src-hover=\"https:\/\/www.nicolas-aubagnac.com\/wp-content\/uploads\/2025\/08\/PAPYRUS-detail-cone-BD-1-681x1024.jpg\" alt=\"applique Papyrus\" title=\"Papyrus wall light\"><\/figure><p>Papyrus <strong>_wall light<\/strong><\/p>\n\t\t<p class=\"na-card-dimensions\"><\/p>\n\t\t<p class=\"na-card-collab\">Nicolas Aubagnac x Maison Delisle<\/p><\/a>\t<a href=\"https:\/\/www.nicolas-aubagnac.com\/en\/collection-luminaire\/full-moon-l\/\" class=\"wp-block-column na-card na-produit\" data-position=\"47\" data-produit=\"2297\" style=\"flex: 0 0 calc(100% \/ 3 - 40px \/ 3 * (3 - 1));\">\n\t\t<figure class=\"wp-block-image size-full\"><img fetchpriority=\"high\" decoding=\"async\" width=\"100%\" src=\"https:\/\/www.nicolas-aubagnac.com\/wp-content\/uploads\/2025\/05\/Full-Moon-applique-8-1024x1024.jpg\" data-src-hover=\"https:\/\/www.nicolas-aubagnac.com\/wp-content\/uploads\/2025\/05\/Full-Moon-applique-recadre-867x1024.jpg\" alt=\"applique Papyrus Full Moon\" title=\"Papyrus Full Moon wall light\"><\/figure><p>Papyrus Full Moon <strong>_wall light<\/strong><\/p>\n\t\t<p class=\"na-card-dimensions\">H = 36 cm | D = 12 cm | D = 18cm<\/p>\n\t\t<p class=\"na-card-collab\">Nicolas Aubagnac x Maison Delisle<\/p><\/a>\t<a href=\"https:\/\/www.nicolas-aubagnac.com\/en\/collection-luminaire\/amazone-l-3\/\" class=\"wp-block-column na-card na-produit\" data-position=\"48\" data-produit=\"2296\" style=\"flex: 0 0 calc(100% \/ 3 - 40px \/ 3 * (3 - 1));\">\n\t\t<figure class=\"wp-block-image size-full\"><img fetchpriority=\"high\" decoding=\"async\" width=\"100%\" src=\"https:\/\/www.nicolas-aubagnac.com\/wp-content\/uploads\/2025\/05\/Amazone-applique-PM-Delisle-L-1-817x1024.jpg\" data-src-hover=\"https:\/\/www.nicolas-aubagnac.com\/wp-content\/uploads\/2025\/05\/Amazone-applique-PM-Delisle-L-2-1024x648.jpg\" alt=\"applique Amazone\" title=\"Amazon wall light\"><\/figure><p>Amazone <strong>_wall light<\/strong><\/p>\n\t\t<p class=\"na-card-dimensions\"><\/p>\n\t\t<p class=\"na-card-collab\">Nicolas Aubagnac x Maison Delisle<\/p><\/a>\t<a href=\"https:\/\/www.nicolas-aubagnac.com\/en\/collection-luminaire\/amazone-l-2\/\" class=\"wp-block-column na-card na-produit\" data-position=\"49\" data-produit=\"2295\" style=\"flex: 0 0 calc(100% \/ 3 - 40px \/ 3 * (3 - 1));\">\n\t\t<figure class=\"wp-block-image size-full\"><img fetchpriority=\"high\" decoding=\"async\" width=\"100%\" src=\"https:\/\/www.nicolas-aubagnac.com\/wp-content\/uploads\/2025\/05\/Amazone-applique-M-Delisle-L-2-804x1024.jpg\" data-src-hover=\"https:\/\/www.nicolas-aubagnac.com\/wp-content\/uploads\/2025\/05\/Amazone-applique-M-Delisle-L-6.jpg\" alt=\"applique Amazone\" title=\"Amazon wall light\"><\/figure><p>Amazone <strong>_wall light<\/strong><\/p>\n\t\t<p class=\"na-card-dimensions\"><\/p>\n\t\t<p class=\"na-card-collab\">Nicolas Aubagnac x Maison Delisle<\/p><\/a>\t<a href=\"https:\/\/www.nicolas-aubagnac.com\/en\/collection-luminaire\/amazone-l\/\" class=\"wp-block-column na-card na-produit\" data-position=\"50\" data-produit=\"2294\" style=\"flex: 0 0 calc(100% \/ 3 - 40px \/ 3 * (3 - 1));\">\n\t\t<figure class=\"wp-block-image size-full\"><img fetchpriority=\"high\" decoding=\"async\" width=\"100%\" src=\"https:\/\/www.nicolas-aubagnac.com\/wp-content\/uploads\/2025\/05\/Amazone-applique-GM-Delisle-L-2-652x1024.jpg\" data-src-hover=\"https:\/\/www.nicolas-aubagnac.com\/wp-content\/uploads\/2025\/05\/Amazone-applique-GM-Delisle-L-8-682x1024.jpg\" alt=\"applique Amazone\" title=\"Amazon wall light\"><\/figure><p>Amazone <strong>_wall light<\/strong><\/p>\n\t\t<p class=\"na-card-dimensions\"><\/p>\n\t\t<p class=\"na-card-collab\">Nicolas Aubagnac x Maison Delisle<\/p><\/a>\t<a href=\"https:\/\/www.nicolas-aubagnac.com\/en\/collection-luminaire\/buisson-ardent-l\/\" class=\"wp-block-column na-card na-produit\" data-position=\"57\" data-produit=\"2291\" style=\"flex: 0 0 calc(100% \/ 3 - 40px \/ 3 * (3 - 1));\">\n\t\t<figure class=\"wp-block-image size-full\"><img fetchpriority=\"high\" decoding=\"async\" width=\"100%\" src=\"https:\/\/www.nicolas-aubagnac.com\/wp-content\/uploads\/2025\/05\/13710-1024x823.jpg\" data-src-hover=\"https:\/\/www.nicolas-aubagnac.com\/wp-content\/uploads\/2025\/05\/pour-delisle-collection-120-ans-applique-buisson-ardent-E403.jpg\" alt=\"applique Buisson Ardent\" title=\"Burning Bush wall light\"><\/figure><p>Buisson Ardent <strong>_wall light<\/strong><\/p>\n\t\t<p class=\"na-card-dimensions\"><\/p>\n\t\t<p class=\"na-card-collab\">Nicolas Aubagnac x Maison Delisle<\/p><\/a>\t<a href=\"https:\/\/www.nicolas-aubagnac.com\/en\/collection-luminaire\/olympe-l\/\" class=\"wp-block-column na-card na-produit\" data-position=\"63\" data-produit=\"2293\" style=\"flex: 0 0 calc(100% \/ 3 - 40px \/ 3 * (3 - 1));\">\n\t\t<figure class=\"wp-block-image size-full\"><img fetchpriority=\"high\" decoding=\"async\" width=\"100%\" src=\"https:\/\/www.nicolas-aubagnac.com\/wp-content\/uploads\/2025\/05\/A1220A1-Applique-OLYMPE-Nicolas-AUBAGNAC-Jean-Pierre-Vaillancourt-3-Light.jpg\" data-src-hover=\"https:\/\/www.nicolas-aubagnac.com\/wp-content\/uploads\/2025\/05\/A1220A1-Applique-OLYMPE-Nicolas-AUBAGNAC-Jean-Pierre-Vaillancourt-4-light-723x1024.jpg\" alt=\"applique Olympe\" title=\"Olympe wall light\"><\/figure><p>Olympe <strong>_wall light<\/strong><\/p>\n\t\t<p class=\"na-card-dimensions\"><\/p>\n\t\t<p class=\"na-card-collab\">Nicolas Aubagnac x Pouenat<\/p><\/a><\/div>\n\n\n\n<div class=\"wp-block-group na-readmore has-global-padding is-layout-constrained wp-block-group-is-layout-constrained\">\n<p class=\"na-page-intro mt40\">Light has always fascinated Nicolas Aubagnac. Designing lamps, floor lamps, wall lights and chandeliers enables him to capture light and imprison it within simple, timeless shapes adorned with exquisite raw or precious materials, such as rare woods, patinated bronze, hammered steel, leather, stretched parchment, coloured molten glass, lacquers and gold leaf.<\/p>\n\n\n\n<p class=\"na-page-intro mt40\">Each piece is signed and stamped to allow it to approach the future with confidence and join the heritage of French decorative arts.<\/p>\n<\/div>\n<\/div>\n<\/div>","protected":false},"excerpt":{"rendered":"<p>l&rsquo;art &amp; la mati\u00e8re. Collection luminaires Collection mobiliers Affichage &#8211; + Tout le luminaire Lampes Lampadaires _ Appliques Lustres &amp; suspensions Edition limit\u00e9e Collab&rsquo; Iconiques Tout le luminaire Lampes Lampadaires _ Appliques Lustres &amp; suspensions Edition limit\u00e9e Collab&rsquo; Iconiques La lumi\u00e8re est objet de fascination pour Nicolas Aubagnac depuis toujours. Dessiner lampes, lampadaires, appliques ou [&hellip;]<\/p>\n","protected":false},"author":1,"featured_media":0,"parent":55,"menu_order":0,"comment_status":"closed","ping_status":"closed","template":"","meta":{"_acf_changed":false,"footnotes":""},"class_list":["post-3028","page","type-page","status-publish","hentry"],"acf":[],"_links":{"self":[{"href":"https:\/\/www.nicolas-aubagnac.com\/en\/wp-json\/wp\/v2\/pages\/3028","targetHints":{"allow":["GET"]}}],"collection":[{"href":"https:\/\/www.nicolas-aubagnac.com\/en\/wp-json\/wp\/v2\/pages"}],"about":[{"href":"https:\/\/www.nicolas-aubagnac.com\/en\/wp-json\/wp\/v2\/types\/page"}],"author":[{"embeddable":true,"href":"https:\/\/www.nicolas-aubagnac.com\/en\/wp-json\/wp\/v2\/users\/1"}],"replies":[{"embeddable":true,"href":"https:\/\/www.nicolas-aubagnac.com\/en\/wp-json\/wp\/v2\/comments?post=3028"}],"version-history":[{"count":7,"href":"https:\/\/www.nicolas-aubagnac.com\/en\/wp-json\/wp\/v2\/pages\/3028\/revisions"}],"predecessor-version":[{"id":7294,"href":"https:\/\/www.nicolas-aubagnac.com\/en\/wp-json\/wp\/v2\/pages\/3028\/revisions\/7294"}],"up":[{"embeddable":true,"href":"https:\/\/www.nicolas-aubagnac.com\/en\/wp-json\/wp\/v2\/pages\/55"}],"wp:attachment":[{"href":"https:\/\/www.nicolas-aubagnac.com\/en\/wp-json\/wp\/v2\/media?parent=3028"}],"curies":[{"name":"wp","href":"https:\/\/api.w.org\/{rel}","templated":true}]}}