{"id":80,"date":"2025-04-14T21:54:12","date_gmt":"2025-04-14T19:54:12","guid":{"rendered":"https:\/\/2025.nicolas-aubagnac.com\/?page_id=80"},"modified":"2025-12-10T15:19:57","modified_gmt":"2025-12-10T14:19:57","slug":"mentions-legales","status":"publish","type":"page","link":"https:\/\/www.nicolas-aubagnac.com\/en\/mentions-legales\/","title":{"rendered":"Legal notices"},"content":{"rendered":"<h1 class=\"wp-block-heading\">Legal notices<\/h1>\n\n\n\n<h2 class=\"wp-block-heading\">Publishing Director<\/h2>\n\n\n\n<p>Nicolas AUBAGNAC<br>26 Cit\u00e9 de Tr\u00e9vise, 75009 Paris<br>Tel +33 (0)1 42 46 69 45<\/p>\n\n\n\n<h2 class=\"wp-block-heading\">Intellectual property<\/h2>\n\n\n\n<p>All rights reserved. Unless expressly authorized, reproduction and any use of the content of this site for purposes other than individual and private consultation are prohibited.<\/p>\n\n\n\n<h2 class=\"wp-block-heading\">Accommodation<\/h2>\n\n\n\n<p>Website hosted by OVH SAS, a subsidiary of OVH Groupe SA, a company registered with the RCS of Lille under number 537 407 926 and located at 2 rue Kellermann 59100 Roubaix.<\/p>\n\n\n\n<h2 class=\"wp-block-heading\">Credits<\/h2>\n\n\n\n<p>Design <a href=\"https:\/\/fr.linkedin.com\/in\/annecastaignede\" target=\"_blank\" rel=\"noreferrer noopener nofollow\">Anne Castaign\u00e8de<\/a><br>Development&nbsp;<a href=\"https:\/\/www.keopz.fr\/\" target=\"_blank\" rel=\"noreferrer noopener\">Keopz Web Agency<\/a><\/p>\n\n\n\n<p><\/p>","protected":false},"excerpt":{"rendered":"<p>Mentions l\u00e9gales Directeur de la publication Nicolas AUBAGNAC26 cit\u00e9 de Tr\u00e9vise 75009 ParisTel +33 (0)1 42 46 69 45 Propri\u00e9t\u00e9 intellectuelle Tous droits r\u00e9serv\u00e9s. Sauf autorisation expresse, la reproduction ainsi que toute utilisation du contenu du pr\u00e9sent site \u00e0 d\u2019autres fins que la consultation individuelle et priv\u00e9e sont interdites. H\u00e9bergement Site internet h\u00e9berg\u00e9 par la [&hellip;]<\/p>\n","protected":false},"author":1,"featured_media":0,"parent":0,"menu_order":0,"comment_status":"closed","ping_status":"closed","template":"","meta":{"_acf_changed":false,"footnotes":""},"class_list":["post-80","page","type-page","status-publish","hentry"],"acf":[],"_links":{"self":[{"href":"https:\/\/www.nicolas-aubagnac.com\/en\/wp-json\/wp\/v2\/pages\/80","targetHints":{"allow":["GET"]}}],"collection":[{"href":"https:\/\/www.nicolas-aubagnac.com\/en\/wp-json\/wp\/v2\/pages"}],"about":[{"href":"https:\/\/www.nicolas-aubagnac.com\/en\/wp-json\/wp\/v2\/types\/page"}],"author":[{"embeddable":true,"href":"https:\/\/www.nicolas-aubagnac.com\/en\/wp-json\/wp\/v2\/users\/1"}],"replies":[{"embeddable":true,"href":"https:\/\/www.nicolas-aubagnac.com\/en\/wp-json\/wp\/v2\/comments?post=80"}],"version-history":[{"count":3,"href":"https:\/\/www.nicolas-aubagnac.com\/en\/wp-json\/wp\/v2\/pages\/80\/revisions"}],"predecessor-version":[{"id":6775,"href":"https:\/\/www.nicolas-aubagnac.com\/en\/wp-json\/wp\/v2\/pages\/80\/revisions\/6775"}],"wp:attachment":[{"href":"https:\/\/www.nicolas-aubagnac.com\/en\/wp-json\/wp\/v2\/media?parent=80"}],"curies":[{"name":"wp","href":"https:\/\/api.w.org\/{rel}","templated":true}]}}